{"id":44091,"date":"2023-09-28T17:57:58","date_gmt":"2023-09-28T20:57:58","guid":{"rendered":"https:\/\/insiderbits.com\/?page_id=44091"},"modified":"2023-09-28T18:01:34","modified_gmt":"2023-09-28T21:01:34","slug":"chi-siamo","status":"publish","type":"page","link":"https:\/\/insiderbits.com\/it\/chi-siamo\/","title":{"rendered":"Informazioni su di noi"},"content":{"rendered":"<div class=\"gb-container gb-container-792a4446\">\n<div class=\"gb-container gb-container-7184b792\" style=\"--background-image: url(https:\/\/insiderbits.com\/wp-content\/uploads\/2023\/09\/INSIDERBITS-15.png);\">\n\n<h1 class=\"gb-headline gb-headline-0fde1dc2 gb-headline-text\">Informazioni su di noi<\/h1>\n\n<\/div>\n<\/div>\n\n\n<p>Benvenuti al <a href=\"https:\/\/insiderbits.com\/it\/\">Insiderbits<\/a>La vostra bussola nel vasto universo della tecnologia! In mezzo al ritmo frenetico del mondo digitale, sappiamo quanto possa essere difficile rimanere aggiornati. Ecco perch\u00e9 siamo qui per guidarvi, con informazioni chiare e accessibili.<\/p>\n\n\n\n<h2 class=\"wp-block-heading\"><strong>Chi siamo<\/strong><\/h2>\n\n\n\n<p>Siamo un team di appassionati, uniti dalla passione per la tecnologia. Anche se non siamo tutti esperti formali, la nostra curiosit\u00e0 ci spinge a esplorare e comprendere il mondo digitale che ci circonda. Nel nostro viaggio, vediamo ogni informazione, per quanto \"banale\" possa sembrare, come un pezzo fondamentale del puzzle tecnologico.<\/p>\n\n\n\n<h2 class=\"wp-block-heading\"><strong>La nostra missione<\/strong><\/h2>\n\n\n\n<p>Vogliamo semplificare il web. Crediamo fermamente che l'informazione sia un ponte verso infinite opportunit\u00e0, non una barriera. Questa convinzione guida ogni contenuto che produciamo. Il nostro obiettivo \u00e8 rendere ogni post una conversazione amichevole, priva di gergo complicato o di termini tecnici indecifrabili.<\/p>\n\n\n\n<h2 class=\"wp-block-heading\"><strong>Cosa offriamo<\/strong><\/h2>\n\n\n<div class=\"gb-container gb-container-11930ad1\">\n<div class=\"gb-container gb-container-3bdf6595\">\n<div class=\"gb-container gb-container-80339672\">\n<div class=\"gb-container gb-container-47ea005f\">\n<div class=\"gb-grid-wrapper gb-grid-wrapper-b5e77c3f\">\n<div class=\"gb-grid-column gb-grid-column-d7df62df\"><div class=\"gb-container gb-container-d7df62df\">\n\n<figure class=\"gb-block-image gb-block-image-c8d0d6d0\"><img decoding=\"async\" class=\"gb-image gb-image-c8d0d6d0\" src=\"https:\/\/manualdaweb.com\/wp-content\/uploads\/2023\/08\/8767132-1024x1024.jpg\" alt=\"\" title=\"8767132\"><\/figure>\n\n<\/div><\/div>\n\n<div class=\"gb-grid-column gb-grid-column-1eb35cfa\"><div class=\"gb-container gb-container-1eb35cfa\">\n\n<div class=\"gb-headline gb-headline-9ea0ed4d gb-headline-text\"><strong>Articoli chiari e precisi<\/strong><\/div>\n\n\n<div class=\"gb-container gb-container-4b06e87e\">\n<div class=\"gb-container gb-container-e07fd66d\">\n\n<p class=\"has-text-align-left\">Ci impegniamo a produrre contenuti che chiariscano i dubbi e rafforzino le vostre conoscenze.<\/p>\n\n<\/div>\n<\/div>\n<\/div><\/div>\n<\/div>\n<\/div>\n\n<div class=\"gb-container gb-container-2edcad10\">\n<div class=\"gb-grid-wrapper gb-grid-wrapper-2bad951c\">\n<div class=\"gb-grid-column gb-grid-column-7c370762\"><div class=\"gb-container gb-container-7c370762\">\n\n<figure class=\"gb-block-image gb-block-image-fd6a45ae\"><img decoding=\"async\" class=\"gb-image gb-image-fd6a45ae\" src=\"https:\/\/manualdaweb.com\/wp-content\/uploads\/2023\/08\/Happy-user-giving-positive-review-of-online-service-2.jpg\" alt=\"\" title=\"Un utente felice che recensisce positivamente il servizio online\"><\/figure>\n\n<\/div><\/div>\n\n<div class=\"gb-grid-column gb-grid-column-4ea79650\"><div class=\"gb-container gb-container-4ea79650\">\n\n<div class=\"gb-headline gb-headline-dd71a90a gb-headline-text\"><strong>Raccomandazioni<\/strong><\/div>\n\n\n\n<p class=\"has-text-align-left\">Vi suggeriamo applicazioni e strumenti che riteniamo possano migliorare la vostra vita digitale.<\/p>\n\n<\/div><\/div>\n<\/div>\n<\/div>\n\n<div class=\"gb-container gb-container-05469f6d\">\n<div class=\"gb-grid-wrapper gb-grid-wrapper-0a7c62b1\">\n<div class=\"gb-grid-column gb-grid-column-2d2a9ad5\"><div class=\"gb-container gb-container-2d2a9ad5\">\n\n<figure class=\"gb-block-image gb-block-image-40019b18\"><img decoding=\"async\" class=\"gb-image gb-image-40019b18\" src=\"https:\/\/manualdaweb.com\/wp-content\/uploads\/2023\/08\/image-92-1024x744.png\" alt=\"\" title=\"immagine-92\"><\/figure>\n\n<\/div><\/div>\n\n<div class=\"gb-grid-column gb-grid-column-03253d13\"><div class=\"gb-container gb-container-03253d13\">\n\n<div class=\"gb-headline gb-headline-aaa048e1 gb-headline-text\"><strong><strong>Recensioni<\/strong><\/strong><\/div>\n\n\n\n<p class=\"has-text-align-left\">Approfondiamo i gadget e le nuove tecnologie per offrirvi recensioni dettagliate che vi aiutino a prendere decisioni informate.<\/p>\n\n<\/div><\/div>\n<\/div>\n<\/div>\n<\/div>\n<\/div>\n<\/div>\n\n\n<h2 class=\"wp-block-heading\"><strong>Crescere con noi<\/strong><\/h2>\n\n\n\n<p>La nostra visione va oltre l'essere un semplice portale di informazioni. Vogliamo che cresciate con noi, sia dal punto di vista intellettuale che professionale. Che siate appassionati, professionisti o semplicemente alla ricerca di un consiglio veloce, siamo qui per aiutarvi.<\/p>\n\n\n\n<p>Invitate amici, familiari e colleghi a unirsi a noi in questo entusiasmante viaggio di scoperta e apprendimento. Perch\u00e9, alla fine, la tecnologia \u00e8 molto pi\u00f9 divertente se esplorata insieme!<\/p>\n\n\n\n<p>Grazie per essere parte della nostra comunit\u00e0. Non vediamo l'ora di costruire con voi un futuro tecnologico entusiasmante e inclusivo!<\/p>","protected":false},"excerpt":{"rendered":"<p>About US Welcome to the Insiderbits, your compass in the vast universe of technology! Amidst &#8230; <\/p>\n<p class=\"read-more-container\"><a title=\"Informazioni su di noi\" class=\"read-more button\" href=\"https:\/\/insiderbits.com\/it\/chi-siamo\/#more-44091\" aria-label=\"Read more about About US\">Per saperne di pi\u00f9 \u2192<\/a><\/p>","protected":false},"author":1,"featured_media":0,"parent":0,"menu_order":0,"comment_status":"closed","ping_status":"closed","template":"","meta":{"_acf_changed":false,"footnotes":""},"class_list":{"0":"post-44091","1":"page","2":"type-page","3":"status-publish","5":"infinite-scroll-item","6":"no-featured-image-padding"},"acf":[],"_links":{"self":[{"href":"https:\/\/insiderbits.com\/it\/wp-json\/wp\/v2\/pages\/44091","targetHints":{"allow":["GET"]}}],"collection":[{"href":"https:\/\/insiderbits.com\/it\/wp-json\/wp\/v2\/pages"}],"about":[{"href":"https:\/\/insiderbits.com\/it\/wp-json\/wp\/v2\/types\/page"}],"author":[{"embeddable":true,"href":"https:\/\/insiderbits.com\/it\/wp-json\/wp\/v2\/users\/1"}],"replies":[{"embeddable":true,"href":"https:\/\/insiderbits.com\/it\/wp-json\/wp\/v2\/comments?post=44091"}],"version-history":[{"count":3,"href":"https:\/\/insiderbits.com\/it\/wp-json\/wp\/v2\/pages\/44091\/revisions"}],"predecessor-version":[{"id":44096,"href":"https:\/\/insiderbits.com\/it\/wp-json\/wp\/v2\/pages\/44091\/revisions\/44096"}],"wp:attachment":[{"href":"https:\/\/insiderbits.com\/it\/wp-json\/wp\/v2\/media?parent=44091"}],"curies":[{"name":"wp","href":"https:\/\/api.w.org\/{rel}","templated":true}]}}