{"id":44091,"date":"2023-09-28T17:57:58","date_gmt":"2023-09-28T20:57:58","guid":{"rendered":"https:\/\/insiderbits.com\/?page_id=44091"},"modified":"2023-09-28T18:01:34","modified_gmt":"2023-09-28T21:01:34","slug":"a-propos-de-nous","status":"publish","type":"page","link":"https:\/\/insiderbits.com\/fr\/a-propos-de-nous\/","title":{"rendered":"\u00c0 propos des \u00c9tats-Unis"},"content":{"rendered":"<div class=\"gb-container gb-container-792a4446\">\n<div class=\"gb-container gb-container-7184b792\" style=\"--background-image: url(https:\/\/insiderbits.com\/wp-content\/uploads\/2023\/09\/INSIDERBITS-15.png);\">\n\n<h1 class=\"gb-headline gb-headline-0fde1dc2 gb-headline-text\">\u00c0 propos des \u00c9tats-Unis<\/h1>\n\n<\/div>\n<\/div>\n\n\n<p>Bienvenue sur le site de la <a href=\"https:\/\/insiderbits.com\/fr\/\">Id\u00e9es re\u00e7ues<\/a>Le site web de la Commission europ\u00e9enne, votre boussole dans le vaste univers de la technologie ! Dans le rythme effr\u00e9n\u00e9 du monde num\u00e9rique, nous savons \u00e0 quel point il peut \u00eatre difficile de rester inform\u00e9. C'est pourquoi nous sommes l\u00e0 pour vous guider, avec des informations claires et accessibles.<\/p>\n\n\n\n<h2 class=\"wp-block-heading\"><strong>Qui sommes-nous ?<\/strong><\/h2>\n\n\n\n<p>Nous sommes une \u00e9quipe d'enthousiastes, unis par une passion pour la technologie. Bien que nous ne soyons pas tous des experts, notre curiosit\u00e9 nous pousse \u00e0 explorer et \u00e0 comprendre le monde num\u00e9rique qui nous entoure. Au cours de notre voyage, nous consid\u00e9rons chaque information, aussi \"triviale\" qu'elle puisse para\u00eetre, comme une pi\u00e8ce fondamentale du puzzle technologique.<\/p>\n\n\n\n<h2 class=\"wp-block-heading\"><strong>Notre mission<\/strong><\/h2>\n\n\n\n<p>Nous voulons simplifier le web. Nous croyons fermement que l'information est un pont vers des possibilit\u00e9s infinies, et non une barri\u00e8re. C'est cette conviction qui guide chacun des contenus que nous produisons. Notre objectif est de faire de chaque article une conversation amicale, d\u00e9pourvue de jargon compliqu\u00e9 ou de termes techniques ind\u00e9chiffrables.<\/p>\n\n\n\n<h2 class=\"wp-block-heading\"><strong>Ce que nous offrons<\/strong><\/h2>\n\n\n<div class=\"gb-container gb-container-11930ad1\">\n<div class=\"gb-container gb-container-3bdf6595\">\n<div class=\"gb-container gb-container-80339672\">\n<div class=\"gb-container gb-container-47ea005f\">\n<div class=\"gb-grid-wrapper gb-grid-wrapper-b5e77c3f\">\n<div class=\"gb-grid-column gb-grid-column-d7df62df\"><div class=\"gb-container gb-container-d7df62df\">\n\n<figure class=\"gb-block-image gb-block-image-c8d0d6d0\"><img decoding=\"async\" class=\"gb-image gb-image-c8d0d6d0\" src=\"https:\/\/manualdaweb.com\/wp-content\/uploads\/2023\/08\/8767132-1024x1024.jpg\" alt=\"\" title=\"8767132\"><\/figure>\n\n<\/div><\/div>\n\n<div class=\"gb-grid-column gb-grid-column-1eb35cfa\"><div class=\"gb-container gb-container-1eb35cfa\">\n\n<div class=\"gb-headline gb-headline-9ea0ed4d gb-headline-text\"><strong>Des articles clairs et pr\u00e9cis<\/strong><\/div>\n\n\n<div class=\"gb-container gb-container-4b06e87e\">\n<div class=\"gb-container gb-container-e07fd66d\">\n\n<p class=\"has-text-align-left\">Nous nous attachons \u00e0 produire un contenu qui dissipe les doutes et renforce vos connaissances.<\/p>\n\n<\/div>\n<\/div>\n<\/div><\/div>\n<\/div>\n<\/div>\n\n<div class=\"gb-container gb-container-2edcad10\">\n<div class=\"gb-grid-wrapper gb-grid-wrapper-2bad951c\">\n<div class=\"gb-grid-column gb-grid-column-7c370762\"><div class=\"gb-container gb-container-7c370762\">\n\n<figure class=\"gb-block-image gb-block-image-fd6a45ae\"><img decoding=\"async\" class=\"gb-image gb-image-fd6a45ae\" src=\"https:\/\/manualdaweb.com\/wp-content\/uploads\/2023\/08\/Happy-user-giving-positive-review-of-online-service-2.jpg\" alt=\"\" title=\"Un utilisateur satisfait donne un avis positif sur le service en ligne\"><\/figure>\n\n<\/div><\/div>\n\n<div class=\"gb-grid-column gb-grid-column-4ea79650\"><div class=\"gb-container gb-container-4ea79650\">\n\n<div class=\"gb-headline gb-headline-dd71a90a gb-headline-text\"><strong>Recommandations<\/strong><\/div>\n\n\n\n<p class=\"has-text-align-left\">Nous vous proposons des applications et des outils qui, selon nous, peuvent am\u00e9liorer votre vie num\u00e9rique.<\/p>\n\n<\/div><\/div>\n<\/div>\n<\/div>\n\n<div class=\"gb-container gb-container-05469f6d\">\n<div class=\"gb-grid-wrapper gb-grid-wrapper-0a7c62b1\">\n<div class=\"gb-grid-column gb-grid-column-2d2a9ad5\"><div class=\"gb-container gb-container-2d2a9ad5\">\n\n<figure class=\"gb-block-image gb-block-image-40019b18\"><img decoding=\"async\" class=\"gb-image gb-image-40019b18\" src=\"https:\/\/manualdaweb.com\/wp-content\/uploads\/2023\/08\/image-92-1024x744.png\" alt=\"\" title=\"image-92\"><\/figure>\n\n<\/div><\/div>\n\n<div class=\"gb-grid-column gb-grid-column-03253d13\"><div class=\"gb-container gb-container-03253d13\">\n\n<div class=\"gb-headline gb-headline-aaa048e1 gb-headline-text\"><strong><strong>Commentaires<\/strong><\/strong><\/div>\n\n\n\n<p class=\"has-text-align-left\">Nous nous int\u00e9ressons de pr\u00e8s aux gadgets et aux nouvelles technologies pour vous pr\u00e9senter des avis d\u00e9taill\u00e9s qui vous aideront \u00e0 prendre des d\u00e9cisions en connaissance de cause.<\/p>\n\n<\/div><\/div>\n<\/div>\n<\/div>\n<\/div>\n<\/div>\n<\/div>\n\n\n<h2 class=\"wp-block-heading\"><strong>Grandir avec nous<\/strong><\/h2>\n\n\n\n<p>Notre vision va au-del\u00e0 d'un simple portail d'information. Nous voulons que vous \u00e9voluiez avec nous, que ce soit sur le plan intellectuel ou professionnel. Que vous soyez un passionn\u00e9, un professionnel ou une personne \u00e0 la recherche d'une astuce, nous sommes l\u00e0 pour vous aider.<\/p>\n\n\n\n<p>Invitez vos amis, votre famille et vos coll\u00e8gues \u00e0 nous rejoindre dans ce voyage passionnant de d\u00e9couverte et d'apprentissage. Car, en fin de compte, la technologie est bien plus amusante lorsqu'on l'explore ensemble !<\/p>\n\n\n\n<p>Nous vous remercions de faire partie de notre communaut\u00e9. Nous nous r\u00e9jouissons de construire avec vous un avenir technologique passionnant et inclusif !<\/p>","protected":false},"excerpt":{"rendered":"<p>\u00c0 propos de nous Bienvenue sur le site Insiderbits, votre boussole dans le vaste univers de la technologie ! Au milieu de ... <\/p>\n<p class=\"read-more-container\"><a title=\"\u00c0 propos des \u00c9tats-Unis\" class=\"read-more button\" href=\"https:\/\/insiderbits.com\/fr\/a-propos-de-nous\/#more-44091\" aria-label=\"En savoir plus sur About US\">Lire la suite \u2192<\/a><\/p>","protected":false},"author":1,"featured_media":0,"parent":0,"menu_order":0,"comment_status":"closed","ping_status":"closed","template":"","meta":{"_acf_changed":false,"footnotes":""},"class_list":{"0":"post-44091","1":"page","2":"type-page","3":"status-publish","5":"infinite-scroll-item","6":"no-featured-image-padding"},"acf":[],"_links":{"self":[{"href":"https:\/\/insiderbits.com\/fr\/wp-json\/wp\/v2\/pages\/44091","targetHints":{"allow":["GET"]}}],"collection":[{"href":"https:\/\/insiderbits.com\/fr\/wp-json\/wp\/v2\/pages"}],"about":[{"href":"https:\/\/insiderbits.com\/fr\/wp-json\/wp\/v2\/types\/page"}],"author":[{"embeddable":true,"href":"https:\/\/insiderbits.com\/fr\/wp-json\/wp\/v2\/users\/1"}],"replies":[{"embeddable":true,"href":"https:\/\/insiderbits.com\/fr\/wp-json\/wp\/v2\/comments?post=44091"}],"version-history":[{"count":3,"href":"https:\/\/insiderbits.com\/fr\/wp-json\/wp\/v2\/pages\/44091\/revisions"}],"predecessor-version":[{"id":44096,"href":"https:\/\/insiderbits.com\/fr\/wp-json\/wp\/v2\/pages\/44091\/revisions\/44096"}],"wp:attachment":[{"href":"https:\/\/insiderbits.com\/fr\/wp-json\/wp\/v2\/media?parent=44091"}],"curies":[{"name":"wp","href":"https:\/\/api.w.org\/{rel}","templated":true}]}}