{"id":15,"date":"2023-06-12T11:55:55","date_gmt":"2023-06-12T14:55:55","guid":{"rendered":"http:\/\/manualdaweb.com\/?page_id=15"},"modified":"2023-10-04T23:53:47","modified_gmt":"2023-10-05T02:53:47","slug":"contact","status":"publish","type":"page","link":"https:\/\/insiderbits.com\/fr\/contact\/","title":{"rendered":"Contact"},"content":{"rendered":"<p>Ch\u00e8re lectrice, cher lecteur,<\/p>\n\n\n\n<p>Chaque jour, le <a href=\"https:\/\/insiderbits.com\/fr\/\">Id\u00e9es re\u00e7ues<\/a> Le portail vous propose des articles informatifs, des critiques d'applications, des produits, des jeux et des tutoriels.<\/p>\n\n\n\n<p>Toutefois, il est important de pr\u00e9ciser que nous n'avons aucune affiliation directe avec les entreprises mentionn\u00e9es. Notre objectif est purement informatif.<\/p>\n\n\n\n<p>Si, apr\u00e8s cela, vous souhaitez nous contacter, veuillez choisir l'une des options ci-dessous. Nous ferons de notre mieux pour vous r\u00e9pondre dans les 24 heures.<\/p>\n\n\n\n<h2 class=\"wp-block-heading\">Suggestion de contenu<\/h2>\n\n\n\n<p>Vous avez une suggestion ou une id\u00e9e en rapport avec les sujets que nous traitons ? Nous serions ravis de l'entendre ! Envoyez-la \u00e0 <a href=\"mailto:raul@insiderbits.com\">raul@insiderbits.com<\/a> et nous examinerons la possibilit\u00e9 de l'inclure.<\/p>\n\n\n\n<h2 class=\"wp-block-heading\">Erreurs<\/h2>\n\n\n\n<p>Si vous trouvez des erreurs sur notre site, qu'il s'agisse d'informations incorrectes ou d'un probl\u00e8me technique, faites-le nous savoir \u00e0 l'adresse suivante <a href=\"mailto:webmaster@insiderbits.com\">webmaster@insiderbits.com<\/a>. Nous sommes pr\u00eats \u00e0 le r\u00e9parer rapidement.<\/p>\n\n\n\n<h2 class=\"wp-block-heading\">Th\u00e8mes g\u00e9n\u00e9raux<\/h2>\n\n\n\n<p>Pour d'autres questions ou sujets, n'h\u00e9sitez pas \u00e0 nous contacter par courrier \u00e9lectronique \u00e0 l'adresse suivante <a href=\"mailto:contact@insiderbits.com\">contact@insiderbits.com<\/a>.<\/p>\n\n\n\n<hr class=\"wp-block-separator has-alpha-channel-opacity\"\/>\n\n\n\n<h2 class=\"wp-block-heading\">Autres options de contact<\/h2>\n\n\n\n<p>Facebook :\u00a0<a href=\"https:\/\/www.facebook.com\/siteinsiderbits\/\" rel=\"nofollow noopener\" target=\"_blank\">Envoyer un message sur notre page Facebook<\/a><\/p>\n\n\n\n<p>Pinterest :&nbsp;<a href=\"https:\/\/www.pinterest.com\/insiderbits\/\" target=\"_blank\" rel=\"noreferrer noopener nofollow\">Envoyer un message sur notre profil Pinterest<\/a><\/p>","protected":false},"excerpt":{"rendered":"<p>Cher lecteur, Chaque jour, le portail Insiderbits vous propose des articles informatifs, des critiques d'applications, des produits, des jeux, ... <\/p>\n<p class=\"read-more-container\"><a title=\"Contact\" class=\"read-more button\" href=\"https:\/\/insiderbits.com\/fr\/contact\/#more-15\" aria-label=\"En savoir plus sur le contact\">Lire la suite \u2192<\/a><\/p>","protected":false},"author":1,"featured_media":0,"parent":0,"menu_order":0,"comment_status":"closed","ping_status":"closed","template":"","meta":{"_acf_changed":false,"footnotes":""},"class_list":{"0":"post-15","1":"page","2":"type-page","3":"status-publish","5":"infinite-scroll-item","6":"no-featured-image-padding"},"acf":[],"_links":{"self":[{"href":"https:\/\/insiderbits.com\/fr\/wp-json\/wp\/v2\/pages\/15","targetHints":{"allow":["GET"]}}],"collection":[{"href":"https:\/\/insiderbits.com\/fr\/wp-json\/wp\/v2\/pages"}],"about":[{"href":"https:\/\/insiderbits.com\/fr\/wp-json\/wp\/v2\/types\/page"}],"author":[{"embeddable":true,"href":"https:\/\/insiderbits.com\/fr\/wp-json\/wp\/v2\/users\/1"}],"replies":[{"embeddable":true,"href":"https:\/\/insiderbits.com\/fr\/wp-json\/wp\/v2\/comments?post=15"}],"version-history":[{"count":7,"href":"https:\/\/insiderbits.com\/fr\/wp-json\/wp\/v2\/pages\/15\/revisions"}],"predecessor-version":[{"id":44383,"href":"https:\/\/insiderbits.com\/fr\/wp-json\/wp\/v2\/pages\/15\/revisions\/44383"}],"wp:attachment":[{"href":"https:\/\/insiderbits.com\/fr\/wp-json\/wp\/v2\/media?parent=15"}],"curies":[{"name":"wp","href":"https:\/\/api.w.org\/{rel}","templated":true}]}}