{"id":44091,"date":"2023-09-28T17:57:58","date_gmt":"2023-09-28T20:57:58","guid":{"rendered":"https:\/\/insiderbits.com\/?page_id=44091"},"modified":"2023-09-28T18:01:34","modified_gmt":"2023-09-28T21:01:34","slug":"uber-uns","status":"publish","type":"page","link":"https:\/\/insiderbits.com\/de\/uber-uns\/","title":{"rendered":"\u00dcber US"},"content":{"rendered":"<div class=\"gb-container gb-container-792a4446\">\n<div class=\"gb-container gb-container-7184b792\" style=\"--background-image: url(https:\/\/insiderbits.com\/wp-content\/uploads\/2023\/09\/INSIDERBITS-15.png);\">\n\n<h1 class=\"gb-headline gb-headline-0fde1dc2 gb-headline-text\">\u00dcber US<\/h1>\n\n<\/div>\n<\/div>\n\n\n<p>Willkommen bei der <a href=\"https:\/\/insiderbits.com\/de\/\">Insiderwissen<\/a>Ihr Kompass im riesigen Universum der Technologie! Wir wissen, wie schwierig es sein kann, in der Hektik der digitalen Welt auf dem Laufenden zu bleiben. Deshalb sind wir hier, um Sie mit klaren und zug\u00e4nglichen Informationen zu begleiten.<\/p>\n\n\n\n<h2 class=\"wp-block-heading\"><strong>Wer wir sind<\/strong><\/h2>\n\n\n\n<p>Wir sind ein Team von Enthusiasten, die durch ihre Leidenschaft f\u00fcr Technologie vereint sind. Obwohl nicht alle von uns formale Experten sind, treibt uns unsere Neugierde an, die digitale Welt um uns herum zu erforschen und zu verstehen. Auf unserer Reise sehen wir jede Information, egal wie \"trivial\" sie erscheinen mag, als ein grundlegendes Teil des technologischen Puzzles.<\/p>\n\n\n\n<h2 class=\"wp-block-heading\"><strong>Unser Auftrag<\/strong><\/h2>\n\n\n\n<p>Wir wollen das Internet vereinfachen. Wir sind der festen \u00dcberzeugung, dass Informationen eine Br\u00fccke zu unendlichen M\u00f6glichkeiten sind, keine Barriere. Und diese \u00dcberzeugung leitet jeden Inhalt, den wir produzieren. Unser Ziel ist es, jeden Beitrag zu einer freundlichen Unterhaltung zu machen, ohne komplizierten Jargon oder unverst\u00e4ndliche Fachbegriffe.<\/p>\n\n\n\n<h2 class=\"wp-block-heading\"><strong>Was wir anbieten<\/strong><\/h2>\n\n\n<div class=\"gb-container gb-container-11930ad1\">\n<div class=\"gb-container gb-container-3bdf6595\">\n<div class=\"gb-container gb-container-80339672\">\n<div class=\"gb-container gb-container-47ea005f\">\n<div class=\"gb-grid-wrapper gb-grid-wrapper-b5e77c3f\">\n<div class=\"gb-grid-column gb-grid-column-d7df62df\"><div class=\"gb-container gb-container-d7df62df\">\n\n<figure class=\"gb-block-image gb-block-image-c8d0d6d0\"><img decoding=\"async\" class=\"gb-image gb-image-c8d0d6d0\" src=\"https:\/\/manualdaweb.com\/wp-content\/uploads\/2023\/08\/8767132-1024x1024.jpg\" alt=\"\" title=\"8767132\"><\/figure>\n\n<\/div><\/div>\n\n<div class=\"gb-grid-column gb-grid-column-1eb35cfa\"><div class=\"gb-container gb-container-1eb35cfa\">\n\n<div class=\"gb-headline gb-headline-9ea0ed4d gb-headline-text\"><strong>Klare und pr\u00e4zise Artikel<\/strong><\/div>\n\n\n<div class=\"gb-container gb-container-4b06e87e\">\n<div class=\"gb-container gb-container-e07fd66d\">\n\n<p class=\"has-text-align-left\">Wir haben uns der Erstellung von Inhalten verschrieben, die Zweifel ausr\u00e4umen und Ihr Wissen erweitern.<\/p>\n\n<\/div>\n<\/div>\n<\/div><\/div>\n<\/div>\n<\/div>\n\n<div class=\"gb-container gb-container-2edcad10\">\n<div class=\"gb-grid-wrapper gb-grid-wrapper-2bad951c\">\n<div class=\"gb-grid-column gb-grid-column-7c370762\"><div class=\"gb-container gb-container-7c370762\">\n\n<figure class=\"gb-block-image gb-block-image-fd6a45ae\"><img decoding=\"async\" class=\"gb-image gb-image-fd6a45ae\" src=\"https:\/\/manualdaweb.com\/wp-content\/uploads\/2023\/08\/Happy-user-giving-positive-review-of-online-service-2.jpg\" alt=\"\" title=\"Zufriedene Nutzer geben eine positive Bewertung des Online-Dienstes ab\"><\/figure>\n\n<\/div><\/div>\n\n<div class=\"gb-grid-column gb-grid-column-4ea79650\"><div class=\"gb-container gb-container-4ea79650\">\n\n<div class=\"gb-headline gb-headline-dd71a90a gb-headline-text\"><strong>Empfehlungen<\/strong><\/div>\n\n\n\n<p class=\"has-text-align-left\">Wir schlagen Apps und Tools vor, von denen wir glauben, dass sie Ihr digitales Leben verbessern k\u00f6nnen.<\/p>\n\n<\/div><\/div>\n<\/div>\n<\/div>\n\n<div class=\"gb-container gb-container-05469f6d\">\n<div class=\"gb-grid-wrapper gb-grid-wrapper-0a7c62b1\">\n<div class=\"gb-grid-column gb-grid-column-2d2a9ad5\"><div class=\"gb-container gb-container-2d2a9ad5\">\n\n<figure class=\"gb-block-image gb-block-image-40019b18\"><img decoding=\"async\" class=\"gb-image gb-image-40019b18\" src=\"https:\/\/manualdaweb.com\/wp-content\/uploads\/2023\/08\/image-92-1024x744.png\" alt=\"\" title=\"Bild-92\"><\/figure>\n\n<\/div><\/div>\n\n<div class=\"gb-grid-column gb-grid-column-03253d13\"><div class=\"gb-container gb-container-03253d13\">\n\n<div class=\"gb-headline gb-headline-aaa048e1 gb-headline-text\"><strong><strong>Bewertungen<\/strong><\/strong><\/div>\n\n\n\n<p class=\"has-text-align-left\">Wir befassen uns eingehend mit Gadgets und neuen Technologien, um Ihnen detaillierte Testberichte zu liefern, die Ihnen helfen, fundierte Entscheidungen zu treffen.<\/p>\n\n<\/div><\/div>\n<\/div>\n<\/div>\n<\/div>\n<\/div>\n<\/div>\n\n\n<h2 class=\"wp-block-heading\"><strong>Mit uns wachsen<\/strong><\/h2>\n\n\n\n<p>Unsere Vision geht \u00fcber die eines reinen Informationsportals hinaus. Wir m\u00f6chten, dass Sie mit uns wachsen, sei es intellektuell oder beruflich. Egal, ob Sie ein Enthusiast, ein Profi oder einfach nur auf der Suche nach einem schnellen Tipp sind, wir sind f\u00fcr Sie da.<\/p>\n\n\n\n<p>Laden Sie Ihre Freunde, Familie und Kollegen ein, sich mit uns auf diese spannende Entdeckungs- und Lernreise zu begeben. Denn schlie\u00dflich macht Technologie viel mehr Spa\u00df, wenn man sie gemeinsam erkundet!<\/p>\n\n\n\n<p>Vielen Dank, dass Sie Teil unserer Gemeinschaft sind. Wir freuen uns darauf, gemeinsam mit Ihnen eine spannende und integrative technologische Zukunft zu gestalten!<\/p>","protected":false},"excerpt":{"rendered":"<p>About US Welcome to the Insiderbits, your compass in the vast universe of technology! Amidst \u2026 <\/p>\n<p class=\"read-more-container\"><a title=\"\u00dcber US\" class=\"read-more button\" href=\"https:\/\/insiderbits.com\/de\/uber-uns\/#more-44091\" aria-label=\"Read more about About US\">Mehr lesen \u2192<\/a><\/p>","protected":false},"author":1,"featured_media":0,"parent":0,"menu_order":0,"comment_status":"closed","ping_status":"closed","template":"","meta":{"_acf_changed":false,"footnotes":""},"class_list":{"0":"post-44091","1":"page","2":"type-page","3":"status-publish","5":"infinite-scroll-item","6":"no-featured-image-padding"},"acf":[],"_links":{"self":[{"href":"https:\/\/insiderbits.com\/de\/wp-json\/wp\/v2\/pages\/44091","targetHints":{"allow":["GET"]}}],"collection":[{"href":"https:\/\/insiderbits.com\/de\/wp-json\/wp\/v2\/pages"}],"about":[{"href":"https:\/\/insiderbits.com\/de\/wp-json\/wp\/v2\/types\/page"}],"author":[{"embeddable":true,"href":"https:\/\/insiderbits.com\/de\/wp-json\/wp\/v2\/users\/1"}],"replies":[{"embeddable":true,"href":"https:\/\/insiderbits.com\/de\/wp-json\/wp\/v2\/comments?post=44091"}],"version-history":[{"count":3,"href":"https:\/\/insiderbits.com\/de\/wp-json\/wp\/v2\/pages\/44091\/revisions"}],"predecessor-version":[{"id":44096,"href":"https:\/\/insiderbits.com\/de\/wp-json\/wp\/v2\/pages\/44091\/revisions\/44096"}],"wp:attachment":[{"href":"https:\/\/insiderbits.com\/de\/wp-json\/wp\/v2\/media?parent=44091"}],"curies":[{"name":"wp","href":"https:\/\/api.w.org\/{rel}","templated":true}]}}